{"id":93,"date":"2025-01-07T17:31:05","date_gmt":"2025-01-07T16:31:05","guid":{"rendered":"https:\/\/szaniter2000.hu\/?page_id=93"},"modified":"2025-01-07T17:34:09","modified_gmt":"2025-01-07T16:34:09","slug":"impresszum","status":"publish","type":"page","link":"https:\/\/szaniter2000.hu\/?page_id=93","title":{"rendered":"Impresszum"},"content":{"rendered":"\t\t<div data-elementor-type=\"wp-page\" data-elementor-id=\"93\" class=\"elementor elementor-93\" data-elementor-post-type=\"page\">\n\t\t\t\t<div class=\"elementor-element elementor-element-69b0972 e-flex e-con-boxed e-con e-parent\" data-id=\"69b0972\" data-element_type=\"container\">\n\t\t\t\t\t<div class=\"e-con-inner\">\n\t\t\t\t<div class=\"elementor-element elementor-element-e63af4c elementor-widget elementor-widget-text-editor\" data-id=\"e63af4c\" data-element_type=\"widget\" data-widget_type=\"text-editor.default\">\n\t\t\t\t<div class=\"elementor-widget-container\">\n\t\t\t\t\t\t\t\t\t<p>Lorem ipsum dolor sit amet, consectetur adipiscing elit. Ut elit tellus, luctus nec ullamcorper mattis, pulvinar dapibus leo.<\/p>\t\t\t\t\t\t\t\t<\/div>\n\t\t\t\t<\/div>\n\t\t\t\t\t<\/div>\n\t\t\t\t<\/div>\n\t\t<div class=\"elementor-element elementor-element-33275c7 e-flex e-con-boxed e-con e-parent\" data-id=\"33275c7\" data-element_type=\"container\">\n\t\t\t\t\t<div class=\"e-con-inner\">\n\t\t\t\t<div class=\"elementor-element elementor-element-e1a789a elementor-widget elementor-widget-text-editor\" data-id=\"e1a789a\" data-element_type=\"widget\" data-widget_type=\"text-editor.default\">\n\t\t\t\t<div class=\"elementor-widget-container\">\n\t\t\t\t\t\t\t\t\t<p><strong>N\u00e9v:<\/strong>\u00a0<span class=\"inserted_var\">KeraBer Korl\u00e1tolt Felel\u0151ss\u00e9g\u0171 T\u00e1rsas\u00e1g<\/span>\u00a0<\/p><p><strong>Sz\u00e9khely:<\/strong>\u00a0<span class=\"inserted_var\">2016 Le\u00e1nyfalu, M\u00f3ricz Zsigmond \u00fat 128.<\/span><\/p><p><strong>Levelez\u00e9si c\u00edm, panaszkezel\u00e9s:<\/strong>\u00a0<span class=\"inserted_var\">2016 Le\u00e1nyfalu, M\u00f3ricz Zsigmond \u00fat 126.<\/span><\/p><p><strong>E-mail:<\/strong>\u00a0<span class=\"inserted_var\">info.keraber@gmail.com<\/span><\/p><p><strong>Telefonsz\u00e1m:<\/strong>\u00a0<span class=\"inserted_var\">06202837627<\/span><\/p><p><strong>Weboldal:<\/strong> https:\/\/szaniter2000.hu<\/p>\t\t\t\t\t\t\t\t<\/div>\n\t\t\t\t<\/div>\n\t\t\t\t\t<\/div>\n\t\t\t\t<\/div>\n\t\t\t\t<\/div>\n\t\t","protected":false},"excerpt":{"rendered":"<p>Lorem ipsum dolor sit amet, consectetur adipiscing elit. Ut elit tellus, luctus nec ullamcorper mattis, pulvinar dapibus leo. N\u00e9v:\u00a0KeraBer Korl\u00e1tolt Felel\u0151ss\u00e9g\u0171 T\u00e1rsas\u00e1g\u00a0 Sz\u00e9khely:\u00a02016 Le\u00e1nyfalu, M\u00f3ricz Zsigmond \u00fat 128. Levelez\u00e9si c\u00edm, panaszkezel\u00e9s:\u00a02016 Le\u00e1nyfalu, M\u00f3ricz Zsigmond \u00fat 126. E-mail:\u00a0info.keraber@gmail.com Telefonsz\u00e1m:\u00a006202837627 Weboldal: https:\/\/szaniter2000.hu<\/p>\n","protected":false},"author":1,"featured_media":0,"parent":0,"menu_order":0,"comment_status":"closed","ping_status":"closed","template":"elementor_header_footer","meta":{"footnotes":""},"class_list":["post-93","page","type-page","status-publish"],"_links":{"self":[{"href":"https:\/\/szaniter2000.hu\/index.php?rest_route=\/wp\/v2\/pages\/93","targetHints":{"allow":["GET"]}}],"collection":[{"href":"https:\/\/szaniter2000.hu\/index.php?rest_route=\/wp\/v2\/pages"}],"about":[{"href":"https:\/\/szaniter2000.hu\/index.php?rest_route=\/wp\/v2\/types\/page"}],"author":[{"embeddable":true,"href":"https:\/\/szaniter2000.hu\/index.php?rest_route=\/wp\/v2\/users\/1"}],"replies":[{"embeddable":true,"href":"https:\/\/szaniter2000.hu\/index.php?rest_route=%2Fwp%2Fv2%2Fcomments&post=93"}],"version-history":[{"count":4,"href":"https:\/\/szaniter2000.hu\/index.php?rest_route=\/wp\/v2\/pages\/93\/revisions"}],"predecessor-version":[{"id":100,"href":"https:\/\/szaniter2000.hu\/index.php?rest_route=\/wp\/v2\/pages\/93\/revisions\/100"}],"wp:attachment":[{"href":"https:\/\/szaniter2000.hu\/index.php?rest_route=%2Fwp%2Fv2%2Fmedia&parent=93"}],"curies":[{"name":"wp","href":"https:\/\/api.w.org\/{rel}","templated":true}]}}