{"id":25,"date":"2025-01-07T16:51:12","date_gmt":"2025-01-07T15:51:12","guid":{"rendered":"https:\/\/szaniter2000.hu\/?page_id=25"},"modified":"2025-02-20T07:40:10","modified_gmt":"2025-02-20T06:40:10","slug":"europai-unios-tamogatas","status":"publish","type":"page","link":"https:\/\/szaniter2000.hu\/?page_id=25","title":{"rendered":"Eur\u00f3pai Uni\u00f3s T\u00e1mogat\u00e1s"},"content":{"rendered":"\t\t<div data-elementor-type=\"wp-page\" data-elementor-id=\"25\" class=\"elementor elementor-25\" data-elementor-post-type=\"page\">\n\t\t\t\t<div class=\"elementor-element elementor-element-77b8519 e-flex e-con-boxed e-con e-parent\" data-id=\"77b8519\" data-element_type=\"container\">\n\t\t\t\t\t<div class=\"e-con-inner\">\n\t\t\t\t<div class=\"elementor-element elementor-element-93a6017 elementor-widget elementor-widget-image\" data-id=\"93a6017\" data-element_type=\"widget\" data-widget_type=\"image.default\">\n\t\t\t\t<div class=\"elementor-widget-container\">\n\t\t\t\t\t\t\t\t\t\t\t\t\t\t\t<img fetchpriority=\"high\" decoding=\"async\" width=\"1024\" height=\"291\" src=\"https:\/\/szaniter2000.hu\/wp-content\/uploads\/2025\/01\/qqqq-1024x291.png\" class=\"attachment-large size-large wp-image-142\" alt=\"\" srcset=\"https:\/\/szaniter2000.hu\/wp-content\/uploads\/2025\/01\/qqqq-1024x291.png 1024w, https:\/\/szaniter2000.hu\/wp-content\/uploads\/2025\/01\/qqqq-300x85.png 300w, https:\/\/szaniter2000.hu\/wp-content\/uploads\/2025\/01\/qqqq-768x218.png 768w, https:\/\/szaniter2000.hu\/wp-content\/uploads\/2025\/01\/qqqq-1536x436.png 1536w, https:\/\/szaniter2000.hu\/wp-content\/uploads\/2025\/01\/qqqq-2048x581.png 2048w\" sizes=\"(max-width: 1024px) 100vw, 1024px\" \/>\t\t\t\t\t\t\t\t\t\t\t\t\t\t\t<\/div>\n\t\t\t\t<\/div>\n\t\t\t\t\t<\/div>\n\t\t\t\t<\/div>\n\t\t<div class=\"elementor-element elementor-element-51ae330 e-flex e-con-boxed e-con e-parent\" data-id=\"51ae330\" data-element_type=\"container\">\n\t\t\t\t\t<div class=\"e-con-inner\">\n\t\t\t\t<div class=\"elementor-element elementor-element-afe9230 elementor-widget elementor-widget-text-editor\" data-id=\"afe9230\" data-element_type=\"widget\" data-widget_type=\"text-editor.default\">\n\t\t\t\t<div class=\"elementor-widget-container\">\n\t\t\t\t\t\t\t\t\t<p>\u00a0<\/p><p><strong>GINOP_PLUSZ-2.1.3-21 A munkav\u00e1llal\u00f3k \u00e9s v\u00e1llalatok alkalmazkod\u00f3k\u00e9pess\u00e9g\u00e9nek \u00e9s<\/strong><br \/><strong>termel\u00e9kenys\u00e9g\u00e9nek jav\u00edt\u00e1sa a munkaer\u0151 fejleszt\u00e9s\u00e9n kereszt\u00fcl<\/strong><\/p><p><strong>Kedvezm\u00e9nyezett neve:<\/strong> Keraber Kft<\/p><p><strong>K\u00e9pz\u00e9sek elnevez\u00e9se \u00e9s c\u00e9lja:<\/strong> GINOP_PLUSZ-2.1.3-21 A munkav\u00e1llal\u00f3k \u00e9s v\u00e1llalatok<br \/>alkalmazkod\u00f3k\u00e9pess\u00e9g\u00e9nek \u00e9s termel\u00e9kenys\u00e9g\u00e9nek jav\u00edt\u00e1sa a munkaer\u0151 fejleszt\u00e9s\u00e9n kereszt\u00fcl<\/p><p>1. Vezet\u0151i k\u00e9szs\u00e9gek fejleszt\u00e9se (5f\u0151)<br \/>2. \u00dcgyf\u00e9lkezel\u00e9s, t\u00e1rgyal\u00e1s, \u00e9rt\u00e9kes\u00edt\u00e9s (5 f\u0151)<\/p><div><span style=\"font-family: arial, sans-serif;\">Vezet\u0151i:<\/span><\/div><div><span style=\"font-family: arial, sans-serif;\">\u00a0<\/span><\/div><div><span style=\"font-family: arial, sans-serif;\">A c\u00e9l, hogy a k\u00e9pz\u00e9s sikeres elv\u00e9gz\u00e9s\u00e9vel a r\u00e9sztvev\u0151k elsaj\u00e1t\u00edts\u00e1k a helyzetf\u00fcgg\u0151 vezet\u00e9s elm\u00e9let\u00e9t \u00e9s gyakorlat\u00e1t, vezet\u0151i \u00f6nismeretre tegyenek szert, \u00e1tgondoltan tudjanak beosztottjaikkal tervezni, elsaj\u00e1t\u00edts\u00e1k a k\u00fcl\u00f6nb\u00f6z\u0151 vezet\u0151i eszk\u00f6z\u00f6k haszn\u00e1lat\u00e1nak m\u00f3dszereit, er\u0151s\u00edts\u00e9k vezet\u0151i kommunik\u00e1ci\u00f3jukat, valamint k\u00e9pess\u00e9 v\u00e1ljanak a beosztottjaik k\u00f6z\u00f6tti konfliktusok azonos\u00edt\u00e1s\u00e1ra \u00e9s kezel\u00e9s\u00e9re.<\/span><\/div><div><span style=\"font-family: arial, sans-serif;\">\u00a0<\/span><\/div><div><span style=\"font-family: arial, sans-serif;\">\u00dcgyf\u00e9lkezel\u00e9s:<\/span><\/div><div><span style=\"font-family: arial, sans-serif;\">A k\u00e9pz\u00e9s c\u00e9lja a r\u00e9sztvev\u0151k \u00fcgyfelekkel, partnerekkel val\u00f3 kommunik\u00e1ci\u00f3s k\u00e9szs\u00e9geinek fejleszt\u00e9se. A k\u00e9pz\u00e9s sikeres elv\u00e9gz\u00e9s\u00e9vel a r\u00e9sztvev\u0151k \u00fcgyf\u00e9lkapcsolati modellek, vev\u0151 t\u00edpusok szerinti \u00e9rt\u00e9kes\u00edt\u00e9s \u00e9s t\u00e1rgyal\u00e1stechnikai ismereteket \u00e9s k\u00e9szs\u00e9geket szereznek.<\/span><\/div><div>\u00a0<\/div><p><strong>T\u00e1mogat\u00e1s c\u00e9lja:<\/strong> hogy a val\u00f3s ig\u00e9nyekhez igazod\u00f3 megold\u00e1sokat k\u00edn\u00e1ljon az elt\u00e9r\u0151 piaci poz\u00edci\u00f3kban<br \/>\u00e9s k\u00fcl\u00f6nf\u00e9le \u00e9lethelyzetekben m\u0171k\u00f6d\u0151 v\u00e1llalkoz\u00e1sok sz\u00e1m\u00e1ra, seg\u00edts\u00e9get ny\u00fajtson a technol\u00f3giai<br \/>h\u00e1tt\u00e9r megteremt\u00e9s\u00e9ben \u00e9s a digit\u00e1lis eszk\u00f6z\u00f6k, online alkalmaz\u00e1sok vagy ipar 4.0 megold\u00e1sok<br \/>bevezet\u00e9s\u00e9ben.<\/p><p><strong>A t\u00e1mogat\u00e1s \u00f6sszege:<\/strong> 1.125.000 Ft<\/p><p><strong>K\u00e9pz\u00e9sek r\u00e9szletes bemutat\u00e1sa:<\/strong> 30-30 \u00f3r\u00e1ban Soft skill k\u00e9pz\u00e9s. A k\u00e9pz\u00e9st v\u00e9gz\u0151: Victum Oktat\u00e1si \u00e9s<br \/>Tan\u00e1csad\u00f3 Bt. A k\u00e9pz\u00e9sben r\u00e9sztvev\u0151k teljes l\u00e9tsz\u00e1ma: 8 f\u0151.<\/p><p><strong>A k\u00e9pz\u00e9sek indul\u00f3 d\u00e1tuma:<\/strong> 2024.06.04.<br \/><strong>A k\u00e9pz\u00e9sek befejez\u00e9si d\u00e1tuma:<\/strong> 2024.11.09.<\/p>\t\t\t\t\t\t\t\t<\/div>\n\t\t\t\t<\/div>\n\t\t\t\t\t<\/div>\n\t\t\t\t<\/div>\n\t\t<div class=\"elementor-element elementor-element-d1f9942 e-flex e-con-boxed e-con e-parent\" data-id=\"d1f9942\" data-element_type=\"container\">\n\t\t\t\t\t<div class=\"e-con-inner\">\n\t\t\t\t<div class=\"elementor-element elementor-element-5bd5228 elementor-align-center elementor-widget elementor-widget-button\" data-id=\"5bd5228\" data-element_type=\"widget\" data-widget_type=\"button.default\">\n\t\t\t\t<div class=\"elementor-widget-container\">\n\t\t\t\t\t\t\t\t\t<div class=\"elementor-button-wrapper\">\n\t\t\t\t\t<a class=\"elementor-button elementor-button-link elementor-size-sm\" href=\"https:\/\/keraber.hu\/\">\n\t\t\t\t\t\t<span class=\"elementor-button-content-wrapper\">\n\t\t\t\t\t\t\t\t\t<span class=\"elementor-button-text\">Keraber webshop<\/span>\n\t\t\t\t\t<\/span>\n\t\t\t\t\t<\/a>\n\t\t\t\t<\/div>\n\t\t\t\t\t\t\t\t<\/div>\n\t\t\t\t<\/div>\n\t\t\t\t\t<\/div>\n\t\t\t\t<\/div>\n\t\t\t\t<\/div>\n\t\t","protected":false},"excerpt":{"rendered":"<p>\u00a0 GINOP_PLUSZ-2.1.3-21 A munkav\u00e1llal\u00f3k \u00e9s v\u00e1llalatok alkalmazkod\u00f3k\u00e9pess\u00e9g\u00e9nek \u00e9stermel\u00e9kenys\u00e9g\u00e9nek jav\u00edt\u00e1sa a munkaer\u0151 fejleszt\u00e9s\u00e9n kereszt\u00fcl Kedvezm\u00e9nyezett neve: Keraber Kft K\u00e9pz\u00e9sek elnevez\u00e9se \u00e9s c\u00e9lja: GINOP_PLUSZ-2.1.3-21 A munkav\u00e1llal\u00f3k \u00e9s v\u00e1llalatokalkalmazkod\u00f3k\u00e9pess\u00e9g\u00e9nek \u00e9s termel\u00e9kenys\u00e9g\u00e9nek jav\u00edt\u00e1sa a munkaer\u0151 fejleszt\u00e9s\u00e9n kereszt\u00fcl 1. Vezet\u0151i k\u00e9szs\u00e9gek fejleszt\u00e9se (5f\u0151)2. \u00dcgyf\u00e9lkezel\u00e9s, t\u00e1rgyal\u00e1s, \u00e9rt\u00e9kes\u00edt\u00e9s (5 f\u0151) Vezet\u0151i:\u00a0A c\u00e9l, hogy a k\u00e9pz\u00e9s sikeres elv\u00e9gz\u00e9s\u00e9vel a r\u00e9sztvev\u0151k elsaj\u00e1t\u00edts\u00e1k a helyzetf\u00fcgg\u0151 &#8230; <a title=\"Eur\u00f3pai Uni\u00f3s T\u00e1mogat\u00e1s\" class=\"read-more\" href=\"https:\/\/szaniter2000.hu\/?page_id=25\" aria-label=\"Read more about Eur\u00f3pai Uni\u00f3s T\u00e1mogat\u00e1s\">Olvass tov\u00e1bb<\/a><\/p>\n","protected":false},"author":1,"featured_media":0,"parent":0,"menu_order":0,"comment_status":"closed","ping_status":"closed","template":"elementor_header_footer","meta":{"footnotes":""},"class_list":["post-25","page","type-page","status-publish"],"_links":{"self":[{"href":"https:\/\/szaniter2000.hu\/index.php?rest_route=\/wp\/v2\/pages\/25","targetHints":{"allow":["GET"]}}],"collection":[{"href":"https:\/\/szaniter2000.hu\/index.php?rest_route=\/wp\/v2\/pages"}],"about":[{"href":"https:\/\/szaniter2000.hu\/index.php?rest_route=\/wp\/v2\/types\/page"}],"author":[{"embeddable":true,"href":"https:\/\/szaniter2000.hu\/index.php?rest_route=\/wp\/v2\/users\/1"}],"replies":[{"embeddable":true,"href":"https:\/\/szaniter2000.hu\/index.php?rest_route=%2Fwp%2Fv2%2Fcomments&post=25"}],"version-history":[{"count":49,"href":"https:\/\/szaniter2000.hu\/index.php?rest_route=\/wp\/v2\/pages\/25\/revisions"}],"predecessor-version":[{"id":183,"href":"https:\/\/szaniter2000.hu\/index.php?rest_route=\/wp\/v2\/pages\/25\/revisions\/183"}],"wp:attachment":[{"href":"https:\/\/szaniter2000.hu\/index.php?rest_route=%2Fwp%2Fv2%2Fmedia&parent=25"}],"curies":[{"name":"wp","href":"https:\/\/api.w.org\/{rel}","templated":true}]}}